{"id":1159,"date":"2016-09-27T16:57:49","date_gmt":"2016-09-27T15:57:49","guid":{"rendered":"https:\/\/spon2.poissonbouge.net\/?page_id=1159"},"modified":"2022-11-15T11:56:34","modified_gmt":"2022-11-15T10:56:34","slug":"authors-contributors","status":"publish","type":"page","link":"https:\/\/spon2.poissonbouge.net\/?page_id=1159","title":{"rendered":"Authors &#8211; Contributors"},"content":{"rendered":"<table class=\" alignleft\" style=\"width: 600px;\">\r\n<tbody>\r\n<tr>\r\n<td style=\"width: 118.067px; text-align: left; vertical-align: top;\">\r\n<p>Aline<\/p>\r\n<\/td>\r\n<td style=\"width: 123.35px; text-align: left; vertical-align: top;\">\r\n<p>Alencar\u00a0<\/p>\r\n<\/td>\r\n<td style=\"width: 118.083px; text-align: left; vertical-align: top;\">\r\n<p><sub>Universidade Federal do Rio de Janeiro, Bresil<\/sub><\/p>\r\n<\/td>\r\n<td style=\"width: 128.917px; text-align: left; vertical-align: top;\">\r\n<p><sub>Biologist, taxonomist<\/sub><\/p>\r\n<\/td>\r\n<\/tr>\r\n<tr>\r\n<td style=\"width: 118.067px; text-align: left; vertical-align: top;\">\r\n<p>Bertrand<\/p>\r\n<\/td>\r\n<td style=\"width: 123.35px; text-align: left; vertical-align: top;\">\r\n<p>Bourgeois<\/p>\r\n<\/td>\r\n<td style=\"width: 118.083px; text-align: left; vertical-align: top;\">\r\n<p><sub>IRD, SEOH, Noum\u00e9a, New caledonia<\/sub><\/p>\r\n<\/td>\r\n<td style=\"width: 128.917px; text-align: left; vertical-align: top;\">\r\n<p><sub>Scientific diver<\/sub><\/p>\r\n<\/td>\r\n<\/tr>\r\n<tr>\r\n<td style=\"width: 118.067px; text-align: left; vertical-align: top;\">\r\n<p>John<\/p>\r\n<\/td>\r\n<td style=\"width: 123.35px; text-align: left; vertical-align: top;\">\r\n<p>Butscher<\/p>\r\n<\/td>\r\n<td style=\"width: 118.083px; text-align: left; vertical-align: top;\">\r\n<p><sub>IRD, Noum\u00e9a, New caledonia<\/sub><\/p>\r\n<\/td>\r\n<td style=\"width: 128.917px; text-align: left; vertical-align: top;\">\r\n<p><sub>Scientific diver<\/sub><\/p>\r\n<\/td>\r\n<\/tr>\r\n<tr>\r\n<td style=\"width: 118.067px; text-align: left; vertical-align: top;\">\r\n<p>C\u00e9cile<\/p>\r\n<\/td>\r\n<td style=\"width: 123.35px; text-align: left; vertical-align: top;\">\r\n<p>Debitus<\/p>\r\n<\/td>\r\n<td style=\"width: 118.083px; text-align: left; vertical-align: top;\">\r\n<p><sub>IRD, EIO, Tahiti, French Polynesia<\/sub><\/p>\r\n<p><sub>IRD, LEMAR, Plouzan\u00e9, France<br \/>\r\n<\/sub><\/p>\r\n<\/td>\r\n<td style=\"width: 128.917px; text-align: left; vertical-align: top;\">\r\n<p><sub>Biochemist, scientific diver, head of POMARE&#8217;s project<\/sub><\/p>\r\n<\/td>\r\n<\/tr>\r\n<tr>\r\n<td style=\"width: 118.067px; text-align: left; vertical-align: top;\">\r\n<p>Merrick<\/p>\r\n<\/td>\r\n<td style=\"width: 123.35px; text-align: left; vertical-align: top;\">\r\n<p>Ekins<\/p>\r\n<\/td>\r\n<td style=\"width: 118.083px; text-align: left; vertical-align: top;\">\r\n<p><sub>Queensland Museum Brisbane, Australia<\/sub><\/p>\r\n<\/td>\r\n<td style=\"width: 128.917px; text-align: left; vertical-align: top;\">\r\n<p><sub>Scientific diver, biologist, taxonomist<\/sub><\/p>\r\n<\/td>\r\n<\/tr>\r\n<tr>\r\n<td style=\"width: 118.067px; text-align: left; vertical-align: top;\">\r\n<p>Dominique<\/p>\r\n<\/td>\r\n<td style=\"width: 123.35px; text-align: left; vertical-align: top;\">\r\n<p>Fleurisson<\/p>\r\n<\/td>\r\n<td style=\"width: 118.083px; text-align: left; vertical-align: top;\">\r\n<p><sub>Tekdive<\/sub><\/p>\r\n<\/td>\r\n<td style=\"width: 128.917px; text-align: left; vertical-align: top;\">\r\n<p><sub>Diver<\/sub><\/p>\r\n<\/td>\r\n<\/tr>\r\n<tr>\r\n<td style=\"width: 118.067px; text-align: left; vertical-align: top;\">\r\n<p>Eric<\/p>\r\n<\/td>\r\n<td style=\"width: 123.35px; text-align: left; vertical-align: top;\">\r\n<p>Folcher<\/p>\r\n<\/td>\r\n<td style=\"width: 118.083px; text-align: left; vertical-align: top;\">\r\n<p><sub>IRD, SEOH, Noum\u00e9a, New caledonia<\/sub><\/p>\r\n<\/td>\r\n<td style=\"width: 128.917px; text-align: left; vertical-align: top;\">\r\n<p><sub>Scientific diver, biologist<\/sub><\/p>\r\n<\/td>\r\n<\/tr>\r\n<tr>\r\n<td style=\"width: 118.067px; text-align: left; vertical-align: top;\">\r\n<p>Kathryn A.<\/p>\r\n<\/td>\r\n<td style=\"width: 123.35px; text-align: left; vertical-align: top;\">\r\n<p>Hall<\/p>\r\n<\/td>\r\n<td style=\"width: 118.083px; text-align: left; vertical-align: top;\">\r\n<p><sub>Queensland Museum Brisbane, Australia<\/sub><\/p>\r\n<\/td>\r\n<td style=\"width: 128.917px; text-align: left; vertical-align: top;\">\r\n<p><sub>Biologist, taxonomist, webmaster of spongemaps.org<\/sub><\/p>\r\n<\/td>\r\n<\/tr>\r\n<tr>\r\n<td style=\"width: 118.067px; text-align: left; vertical-align: top;\">\r\n<p>Lionel<\/p>\r\n<\/td>\r\n<td style=\"width: 123.35px; text-align: left; vertical-align: top;\">\r\n<p>Hertrich<\/p>\r\n<\/td>\r\n<td style=\"width: 118.083px; text-align: left; vertical-align: top;\">\r\n<p><sub>Tahiti iti diving, Tahiti, French Polynesia<\/sub><\/p>\r\n<\/td>\r\n<td style=\"width: 128.917px; text-align: left; vertical-align: top;\">\r\n<p><sub>Diver<\/sub><\/p>\r\n<\/td>\r\n<\/tr>\r\n<tr>\r\n<td style=\"width: 118.067px; text-align: left; vertical-align: top;\">\r\n<p>John N. A.<\/p>\r\n<\/td>\r\n<td style=\"width: 123.35px; text-align: left; vertical-align: top;\">\r\n<p>Hooper\u00a0<\/p>\r\n<\/td>\r\n<td style=\"width: 118.083px; text-align: left; vertical-align: top;\">\r\n<p><sub>Queensland Museum Brisbane, Australia<\/sub><\/p>\r\n<\/td>\r\n<td style=\"width: 128.917px; text-align: left; vertical-align: top;\">\r\n<p><sub>Biologist, taxonomist<\/sub><\/p>\r\n<\/td>\r\n<\/tr>\r\n<tr>\r\n<td style=\"width: 118.067px; text-align: left; vertical-align: top;\">\r\n<p>Franck\u00a0<\/p>\r\n<\/td>\r\n<td style=\"width: 123.35px; text-align: left; vertical-align: top;\">\r\n<p>Lerouvreur<\/p>\r\n<\/td>\r\n<td style=\"width: 118.083px; text-align: left; vertical-align: top;\">\r\n<p><sub>CRIOBE, Moorea, French Polynesia<\/sub><\/p>\r\n<\/td>\r\n<td style=\"width: 128.917px; text-align: left; vertical-align: top;\">\r\n<p><sub>Scientific diver, biologist<\/sub><\/p>\r\n<\/td>\r\n<\/tr>\r\n<tr>\r\n<td style=\"width: 118.067px; text-align: left; vertical-align: top;\">\r\n<p>Peva<\/p>\r\n<\/td>\r\n<td style=\"width: 123.35px; text-align: left; vertical-align: top;\">\r\n<p>Levy<\/p>\r\n<\/td>\r\n<td style=\"width: 118.083px; text-align: left; vertical-align: top;\">\r\n<p><sub>Ifremer, Tahiti, French Polynesia<\/sub><\/p>\r\n<\/td>\r\n<td style=\"width: 128.917px; text-align: left; vertical-align: top;\">\r\n<p><sub>Scientific diver, biologist<\/sub><\/p>\r\n<\/td>\r\n<\/tr>\r\n<tr>\r\n<td style=\"width: 118.067px; text-align: left; vertical-align: top;\">\r\n<p>Nicolas<\/p>\r\n<\/td>\r\n<td style=\"width: 123.35px; text-align: left; vertical-align: top;\">\r\n<p>Maihota<\/p>\r\n<\/td>\r\n<td style=\"width: 118.083px; text-align: left; vertical-align: top;\">\r\n<p><sub>IRD, Tahiti, French Polynesia<\/sub><\/p>\r\n<\/td>\r\n<td style=\"width: 128.917px; text-align: left; vertical-align: top;\">\r\n<p><sub>Scientific diver, biologist<\/sub><\/p>\r\n<\/td>\r\n<\/tr>\r\n<tr>\r\n<td style=\"width: 118.067px; text-align: left; vertical-align: top;\">\r\n<p>Joel<\/p>\r\n<\/td>\r\n<td style=\"width: 123.35px; text-align: left; vertical-align: top;\">\r\n<p>Orempuller<\/p>\r\n<\/td>\r\n<td style=\"width: 118.083px; text-align: left; vertical-align: top;\">\r\n<p><sub>IRD, Tahiti, French Polynesia<\/sub><\/p>\r\n<\/td>\r\n<td style=\"width: 128.917px; text-align: left; vertical-align: top;\">\r\n<p><sub>Scientific diver, biologist<\/sub><\/p>\r\n<\/td>\r\n<\/tr>\r\n<tr>\r\n<td style=\"width: 118.067px; text-align: left; vertical-align: top;\">\r\n<p>Sylvain<\/p>\r\n<\/td>\r\n<td style=\"width: 123.35px; text-align: left; vertical-align: top;\">\r\n<p>Petek<\/p>\r\n<\/td>\r\n<td style=\"width: 118.083px; text-align: left; vertical-align: top;\">\r\n<p><sub>IRD, EIO, Tahiti, French Polynesia<\/sub><\/p>\r\n<p><sub>IRD, LEMAR, Plouzan\u00e9, France<\/sub><\/p>\r\n<\/td>\r\n<td style=\"width: 128.917px; text-align: left; vertical-align: top;\">\r\n<p><sub>Chemist, scientific diver,\u00a0 webmaster of sponges-polynesia.ird.fr 2022<br \/>\r\n<\/sub><\/p>\r\n<\/td>\r\n<\/tr>\r\n<tr>\r\n<td style=\"width: 118.067px; text-align: left; vertical-align: top;\">\r\n<p>Andrzej<\/p>\r\n<\/td>\r\n<td style=\"width: 123.35px; text-align: left; vertical-align: top;\">\r\n<p>Pisera<\/p>\r\n<\/td>\r\n<td style=\"width: 118.083px; text-align: left; vertical-align: top;\">\r\n<p><sub>Instytut Paleobiologii, Polska Akademia Nauk, Warsaw, Poland<\/sub><\/p>\r\n<\/td>\r\n<td style=\"width: 128.917px; text-align: left; vertical-align: top;\">\r\n<p><sub>Biologist, taxonomist<\/sub><\/p>\r\n<\/td>\r\n<\/tr>\r\n<tr>\r\n<td style=\"width: 118.067px; text-align: left; vertical-align: top;\">\r\n<p>Armelle<\/p>\r\n<\/td>\r\n<td style=\"width: 123.35px; text-align: left; vertical-align: top;\">\r\n<p>Renaud<\/p>\r\n<\/td>\r\n<td style=\"width: 118.083px; text-align: left; vertical-align: top;\">\r\n<p><sub>IRD, SEOH, Noum\u00e9a, New caledonia<\/sub><\/p>\r\n<\/td>\r\n<td style=\"width: 128.917px; text-align: left; vertical-align: top;\">\r\n<p><sub>Scientific diver, biologist<\/sub><\/p>\r\n<\/td>\r\n<\/tr>\r\n<tr>\r\n<td style=\"width: 118.067px; text-align: left; vertical-align: top;\">\r\n<p>Patricia R.<\/p>\r\n<\/td>\r\n<td style=\"width: 123.35px; text-align: left; vertical-align: top;\">\r\n<p>Sutcliffe<\/p>\r\n<\/td>\r\n<td style=\"width: 118.083px; text-align: left; vertical-align: top;\">\r\n<p><sub>Queensland Museum Brisbane, Australia<\/sub><\/p>\r\n<\/td>\r\n<td style=\"width: 128.917px; text-align: left; vertical-align: top;\">\r\n<p><sub>Biologist, taxonomist<\/sub><\/p>\r\n<\/td>\r\n<\/tr>\r\n<tr>\r\n<td style=\"width: 118.067px; text-align: left; vertical-align: top;\">\r\n<p>Jean<\/p>\r\n<\/td>\r\n<td style=\"width: 123.35px; text-align: left; vertical-align: top;\">\r\n<p>Vacelet<\/p>\r\n<\/td>\r\n<td style=\"width: 118.083px; text-align: left; vertical-align: top;\">\r\n<p><sub>IMBE, Marseille, France<\/sub><\/p>\r\n<\/td>\r\n<td style=\"width: 128.917px; text-align: left; vertical-align: top;\">\r\n<p><sub>Biologist, taxonomist<\/sub><\/p>\r\n<\/td>\r\n<\/tr>\r\n<\/tbody>\r\n<\/table>\r\n<p>&nbsp;<\/p>","protected":false},"excerpt":{"rendered":"Aline Alencar\u00a0 Universidade Federal do Rio de Janeiro, Bresil Biologist, taxonomist Bertrand Bourgeois IRD, SEOH, Noum\u00e9a, New caledonia Scientific diver John Butscher IRD, Noum\u00e9a, New caledonia Scientific diver C\u00e9cile Debitus IRD, EIO, Tahiti, French Polynesia IRD, LEMAR, Plouzan\u00e9, France Biochemist, scientific diver, head of POMARE&#8217;s project Merrick Ekins Queensland Museum Brisbane, Australia Scientific diver, biologist, &hellip; <a href=\"https:\/\/spon2.poissonbouge.net\/?page_id=1159\" class=\"more-link\">Continuer la lecture de <span class=\"screen-reader-text\">Authors &#8211; Contributors<\/span><\/a>","protected":false},"author":3,"featured_media":0,"parent":0,"menu_order":0,"comment_status":"closed","ping_status":"closed","template":"","meta":{"footnotes":""},"class_list":["post-1159","page","type-page","status-publish","hentry"],"_links":{"self":[{"href":"https:\/\/spon2.poissonbouge.net\/index.php?rest_route=\/wp\/v2\/pages\/1159","targetHints":{"allow":["GET"]}}],"collection":[{"href":"https:\/\/spon2.poissonbouge.net\/index.php?rest_route=\/wp\/v2\/pages"}],"about":[{"href":"https:\/\/spon2.poissonbouge.net\/index.php?rest_route=\/wp\/v2\/types\/page"}],"author":[{"embeddable":true,"href":"https:\/\/spon2.poissonbouge.net\/index.php?rest_route=\/wp\/v2\/users\/3"}],"replies":[{"embeddable":true,"href":"https:\/\/spon2.poissonbouge.net\/index.php?rest_route=%2Fwp%2Fv2%2Fcomments&post=1159"}],"version-history":[{"count":29,"href":"https:\/\/spon2.poissonbouge.net\/index.php?rest_route=\/wp\/v2\/pages\/1159\/revisions"}],"predecessor-version":[{"id":2052,"href":"https:\/\/spon2.poissonbouge.net\/index.php?rest_route=\/wp\/v2\/pages\/1159\/revisions\/2052"}],"wp:attachment":[{"href":"https:\/\/spon2.poissonbouge.net\/index.php?rest_route=%2Fwp%2Fv2%2Fmedia&parent=1159"}],"curies":[{"name":"wp","href":"https:\/\/api.w.org\/{rel}","templated":true}]}}