{"id":1175,"date":"2016-09-28T16:13:21","date_gmt":"2016-09-28T15:13:21","guid":{"rendered":"https:\/\/spon2.poissonbouge.net\/?page_id=1175"},"modified":"2022-11-15T11:55:46","modified_gmt":"2022-11-15T10:55:46","slug":"acknowlegment","status":"publish","type":"page","link":"https:\/\/spon2.poissonbouge.net\/?page_id=1175","title":{"rendered":"Acknowledgments"},"content":{"rendered":"<p><a href=\"https:\/\/spon2.poissonbouge.net\/wp-content\/uploads\/4e-couverture-2016-pdf-842px.jpg\" data-rel=\"lightbox-gallery-ez7LmJpq\" data-rl_title=\"\" data-rl_caption=\"\" title=\"\"><img loading=\"lazy\" decoding=\"async\" class=\"aligncenter size-full wp-image-1215\" src=\"https:\/\/spon2.poissonbouge.net\/wp-content\/uploads\/4e-couverture-2016-pdf-842px.jpg\" alt=\"\" width=\"583\" height=\"842\" srcset=\"https:\/\/spon2.poissonbouge.net\/wp-content\/uploads\/4e-couverture-2016-pdf-842px.jpg 583w, https:\/\/spon2.poissonbouge.net\/wp-content\/uploads\/4e-couverture-2016-pdf-842px-208x300.jpg 208w\" sizes=\"auto, (max-width: 583px) 100vw, 583px\" \/><\/a><\/p>\r\n<p>We acknowledge, <a href=\"http:\/\/www.ird.fr\">IRD<\/a>, <a href=\"http:\/\/www.agence-nationale-recherche.fr\/\">ANR<\/a>, the government of French Polynesia, the French government and the <a href=\"http:\/\/www.observatoire-gops.org\/\">GOPS<\/a>, for their financial support.<\/p>\r\n<p><span id=\"result_box\" class=\"\" lang=\"en\"><span class=\"\">We are grateful<\/span><\/span> to the crews of the RV <em>Alis<\/em>,\u00a0<em>Braveheart<\/em>, <em>Claymore II<\/em> and <em>Golden Shadow<\/em>, for their on-field help.<\/p>\r\n<p>We thank Elise Coste from IRD&#8217;s web design service.<\/p>\r\n<p>We acknowledge IRD&#8217;s DDUNI service for the <span id=\"result_box\" class=\"short_text\" lang=\"en\"><span class=\"\">IT infrastructure<\/span><\/span>, and their assistance.<\/p>\r\n<p>We thank the &#8220;Service de la Traduction et de l&#8217;Interpr\u00e9tariat de la Polyn\u00e9sie fran\u00e7aise&#8221; concerning the translation in Tahitian of the Introduction.<\/p>\r\n<p>2022<\/p>","protected":false},"excerpt":{"rendered":"We acknowledge, IRD, ANR, the government of French Polynesia, the French government and the GOPS, for their financial support. We are grateful to the crews of the RV Alis,\u00a0Braveheart, Claymore II and Golden Shadow, for their on-field help. We thank Elise Coste from IRD&#8217;s web design service. We acknowledge IRD&#8217;s DDUNI service for the IT &hellip; <a href=\"https:\/\/spon2.poissonbouge.net\/?page_id=1175\" class=\"more-link\">Continuer la lecture de <span class=\"screen-reader-text\">Acknowledgments<\/span><\/a>","protected":false},"author":3,"featured_media":0,"parent":0,"menu_order":0,"comment_status":"closed","ping_status":"closed","template":"","meta":{"footnotes":""},"class_list":["post-1175","page","type-page","status-publish","hentry"],"_links":{"self":[{"href":"https:\/\/spon2.poissonbouge.net\/index.php?rest_route=\/wp\/v2\/pages\/1175","targetHints":{"allow":["GET"]}}],"collection":[{"href":"https:\/\/spon2.poissonbouge.net\/index.php?rest_route=\/wp\/v2\/pages"}],"about":[{"href":"https:\/\/spon2.poissonbouge.net\/index.php?rest_route=\/wp\/v2\/types\/page"}],"author":[{"embeddable":true,"href":"https:\/\/spon2.poissonbouge.net\/index.php?rest_route=\/wp\/v2\/users\/3"}],"replies":[{"embeddable":true,"href":"https:\/\/spon2.poissonbouge.net\/index.php?rest_route=%2Fwp%2Fv2%2Fcomments&post=1175"}],"version-history":[{"count":17,"href":"https:\/\/spon2.poissonbouge.net\/index.php?rest_route=\/wp\/v2\/pages\/1175\/revisions"}],"predecessor-version":[{"id":2051,"href":"https:\/\/spon2.poissonbouge.net\/index.php?rest_route=\/wp\/v2\/pages\/1175\/revisions\/2051"}],"wp:attachment":[{"href":"https:\/\/spon2.poissonbouge.net\/index.php?rest_route=%2Fwp%2Fv2%2Fmedia&parent=1175"}],"curies":[{"name":"wp","href":"https:\/\/api.w.org\/{rel}","templated":true}]}}