{"id":1421,"date":"2017-03-24T10:15:24","date_gmt":"2017-03-24T09:15:24","guid":{"rendered":"https:\/\/spon2.poissonbouge.net\/?page_id=1421"},"modified":"2022-11-15T11:59:49","modified_gmt":"2022-11-15T10:59:49","slug":"references","status":"publish","type":"page","link":"https:\/\/spon2.poissonbouge.net\/?page_id=1421","title":{"rendered":"References"},"content":{"rendered":"<p style=\"text-align: justify;\"><span class=\"value\"> Bruckner Andrew, Andrefouet Serge, Petek Sylvain (2012) <strong>Global Reef Expedition cruise<\/strong>, RV <\/span><em>Golden Shadow<\/em> <em>(Society archipelago is.) <a href=\"http:\/\/www.livingoceansfoundation.org\/publication\/society-islands-field-report\/\">@<\/a><br \/>\r\n<\/em><\/p>\r\n<p style=\"text-align: justify;\">Debitus C\u00e9cile, Folcher Eric, Petek Sylvain, Butscher John, Orempuller Joel, Mahiota Nicolas\u00a0 (2009) <strong>BSMPF-1 cruise<\/strong>, RV <em>Alis<\/em>, <em>(Society and Marquesas archipelago is.)<\/em> <a href=\"http:\/\/dx.doi.org\/10.17600\/9100030\">@<\/a><\/p>\r\n<p style=\"text-align: justify;\">Debitus C\u00e9cile, Folcher Eric, Petek Sylvain,\u00a0Butscher John, Bourgeois Bertrand, Renaud Armelle, Fleurisson Dominique, Lerouvreur Franck (2011) <strong>Tuam&#8217;2011 cruise<\/strong>, RV <em>Alis<\/em>, <em>(Tuamotu archipelago is.)<\/em> <a href=\"http:\/\/dx.doi.org\/10.17600\/11100010\">@<\/a><\/p>\r\n<p class=\"text-justify\" style=\"text-align: justify;\">Debitus C\u00e9cile, Petek Sylvain, Ekins Merrick, Hertrich Lionel, Butscher John, Levy Peva (2013) <strong>Tahiti iti cruise<\/strong>, RV <em>Alis<\/em>, <em>(Tahiti is.)<\/em> <a href=\"http:\/\/dx.doi.org\/10.17600\/13100040\">@<\/a><\/p>\r\n<p class=\"text-justify\" style=\"text-align: justify;\">Debitus C\u00e9cile, Folcher Eric, Petek Sylvain, Butscher John, Bourgeois Bertrand, Berberian Anthony\u00a0 (2013) <strong>Tuhaa Pae 2013 cruise<\/strong>, RV <em>Alis<\/em>, <em>(Austral archipelago is.)<\/em> <a href=\"http:\/\/dx.doi.org\/10.17600\/13100030\">@<\/a><\/p>\r\n<p style=\"text-align: justify;\">Hall K. A., Sutcliffe P. R., Hooper J. N. A., Alencar A., Vacelet J., Pisera A., Petek S., Folcher E., Butscher J., Orempuller J., Maihota N., Debitus C. <strong>Affinities of sponges (Porifera) of the Marquesas and Society Islands, French Polynesia<\/strong>. <em>Pacific Science<\/em>, 2013, 67, 493-512. <a href=\"http:\/\/pacificscience.files.wordpress.com\/2013\/03\/pac-sci-early-view-67-4-1.pdf\">@<\/a><\/p>\r\n<p style=\"text-align: justify;\">Payri Claude, Petek Sylvain (2011) <strong>Pakaihi i te Moana cruise<\/strong> (Leg 2), RV <em>Braveheart<\/em>, <em>(Marquesas archipelago is.)<\/em> <a href=\"https:\/\/www.ird.fr\/toute-l-actualite\/actualites\/communiques-et-dossiers-de-presse\/cp-2012\/deuxieme-campagne-d-exploration-pakaihi-i-te-moana-le-benthos-cotier\/(language)\/fre-FR\">@<\/a><\/p>\r\n<p style=\"text-align: justify;\">Planes Serge, Debitus C\u00e9cile, Petek Sylvain (2010) <strong>Coralspot expedition<\/strong>, RV <em>Claymore II<\/em>, <em>(Gambier archipelago is.)<\/em><\/p>\r\n<p style=\"text-align: justify;\">Salvat B., Petek S., Folcher E., Debitus C., Benzoni F., Pichon M., Bouchet P., Tr\u00f6ndl\u00e9 J., Poupin J., Paulay G., Michonneau F., Starmer J., Evans N. <strong>Invert\u00e9br\u00e9s benthiques des Marquises.<\/strong><em> In <\/em>Galzin R., Duron S.-D. &amp; Meyer J.-Y. (eds), <em><strong>Biodiversit\u00e9 terrestre et marine des \u00eeles Marquises, Polyn\u00e9sie fran\u00e7aise.<\/strong> <\/em>Soci\u00e9t\u00e9 fran\u00e7aise d\u2019Ichtyologie, Paris, 2016, pp 221-258. <a href=\"http:\/\/horizon.documentation.ird.fr\/exl-doc\/pleins_textes\/divers16-10\/010068067.pdf\">@<\/a><\/p>\r\n<p>2022<\/p>","protected":false},"excerpt":{"rendered":"Bruckner Andrew, Andrefouet Serge, Petek Sylvain (2012) Global Reef Expedition cruise, RV Golden Shadow (Society archipelago is.) @ Debitus C\u00e9cile, Folcher Eric, Petek Sylvain, Butscher John, Orempuller Joel, Mahiota Nicolas\u00a0 (2009) BSMPF-1 cruise, RV Alis, (Society and Marquesas archipelago is.) @ Debitus C\u00e9cile, Folcher Eric, Petek Sylvain,\u00a0Butscher John, Bourgeois Bertrand, Renaud Armelle, Fleurisson Dominique, Lerouvreur &hellip; <a href=\"https:\/\/spon2.poissonbouge.net\/?page_id=1421\" class=\"more-link\">Continuer la lecture de <span class=\"screen-reader-text\">References<\/span><\/a>","protected":false},"author":3,"featured_media":0,"parent":0,"menu_order":0,"comment_status":"closed","ping_status":"closed","template":"","meta":{"footnotes":""},"class_list":["post-1421","page","type-page","status-publish","hentry"],"_links":{"self":[{"href":"https:\/\/spon2.poissonbouge.net\/index.php?rest_route=\/wp\/v2\/pages\/1421","targetHints":{"allow":["GET"]}}],"collection":[{"href":"https:\/\/spon2.poissonbouge.net\/index.php?rest_route=\/wp\/v2\/pages"}],"about":[{"href":"https:\/\/spon2.poissonbouge.net\/index.php?rest_route=\/wp\/v2\/types\/page"}],"author":[{"embeddable":true,"href":"https:\/\/spon2.poissonbouge.net\/index.php?rest_route=\/wp\/v2\/users\/3"}],"replies":[{"embeddable":true,"href":"https:\/\/spon2.poissonbouge.net\/index.php?rest_route=%2Fwp%2Fv2%2Fcomments&post=1421"}],"version-history":[{"count":22,"href":"https:\/\/spon2.poissonbouge.net\/index.php?rest_route=\/wp\/v2\/pages\/1421\/revisions"}],"predecessor-version":[{"id":2054,"href":"https:\/\/spon2.poissonbouge.net\/index.php?rest_route=\/wp\/v2\/pages\/1421\/revisions\/2054"}],"wp:attachment":[{"href":"https:\/\/spon2.poissonbouge.net\/index.php?rest_route=%2Fwp%2Fv2%2Fmedia&parent=1421"}],"curies":[{"name":"wp","href":"https:\/\/api.w.org\/{rel}","templated":true}]}}