{"id":1643,"date":"2017-04-11T16:53:44","date_gmt":"2017-04-11T15:53:44","guid":{"rendered":"https:\/\/spon2.poissonbouge.net\/?page_id=1643"},"modified":"2022-11-15T11:58:21","modified_gmt":"2022-11-15T10:58:21","slug":"credits","status":"publish","type":"page","link":"https:\/\/spon2.poissonbouge.net\/?page_id=1643","title":{"rendered":"Credits"},"content":{"rendered":"<h3 style=\"text-align: justify;\">P<span id=\"result_box\" class=\"short_text\" lang=\"en\"><span class=\"alt-edited\">roject coordination<\/span><\/span><\/h3>\r\n<p>Sylvain Petek, C\u00e9cile Debitus<\/p>\r\n<hr \/>\r\n<h3 style=\"text-align: justify;\">Conception<\/h3>\r\n<p style=\"text-align: justify;\">IRD&#8217;s Web design service &#8211; <a title=\"Send an email to webmaster@ird.fr\" href=\"mailto:webmaster@ird.fr\">webmaster@ird.fr<\/a><\/p>\r\n<hr \/>\r\n<h3 style=\"text-align: justify;\"><span class=\"label\">Specific developments<\/span><\/h3>\r\n<p style=\"text-align: justify;\">Kaliop &#8211; <a title=\"http:\/\/www.kaliop.com (nouvelle fen\u00eatre)\" href=\"http:\/\/www.kaliop.com\/\" target=\"_blank\" rel=\"noopener noreferrer\">http:\/\/www.kaliop.com<\/a><\/p>\r\n<hr \/>\r\n<h3 style=\"text-align: justify;\"><span class=\"label\">Taxonomic data<\/span><\/h3>\r\n<p>Aline Alencar, Kathryn A. Hall, John N. A. Hooper, Andrzej Pisera, Patricia R. Sutcliffe, Jean Vacelet.<\/p>\r\n<ul style=\"list-style-type: disc;\">\r\n\t<li><strong><span class=\"label\">Database :<\/span><\/strong><a href=\"http:\/\/Spongemaps.org\"> SpongeMaps.org<\/a> (Queensland Museum &#8211; Kathryn A. Hall)<\/li>\r\n<\/ul>\r\n<hr \/>\r\n<h3 style=\"text-align: justify;\">Photographs, sampling and on-field descriptions<\/h3>\r\n<p style=\"text-align: justify;\">Bertrand Bourgeois, John Butscher, C\u00e9cile Debitus, Merrick Ekins, Dominique Fleurisson, Eric Folcher, Lionel\u00a0Hertrich, Franck Lerouvreur, Peva Levy,\u00a0Nicolas\u00a0Maihota, Joel Orempuller, Sylvain Petek, Armelle Renaud.<\/p>\r\n<hr \/>\r\n<h3 style=\"text-align: justify;\">Translation in Tahitian<\/h3>\r\n<p>Service de la Traduction et de l&#8217;Interpr\u00e9tariat de la Polyn\u00e9sie fran\u00e7aise<\/p>\r\n<hr \/>\r\n<h3 style=\"text-align: justify;\"><span class=\"label\">Website manager<\/span><\/h3>\r\n<p>Sylvain Petek 2022<\/p>\r\n<hr \/>\r\n<h3>Financial support<a href=\"https:\/\/spon2.poissonbouge.net\/wp-content\/uploads\/BioPolyVal.png\" data-rel=\"lightbox-gallery-bB6GhABN\" data-rl_title=\"\" data-rl_caption=\"\" title=\"\"><img loading=\"lazy\" decoding=\"async\" class=\"wp-image-1762 alignright\" src=\"https:\/\/spon2.poissonbouge.net\/wp-content\/uploads\/BioPolyVal.png\" alt=\"\" width=\"136\" height=\"105\" \/><\/a><\/h3>\r\n<p>Concerning the website: <em><strong>BioPolyVal project<\/strong><\/em> (financed by the French government and the government of French Polynesia)<\/p>\r\n<hr \/>\r\n<h3 style=\"text-align: justify;\"><span class=\"label\">Hosting<\/span><\/h3>\r\n<p>DDUNI, Institut de Recherche pour le D\u00e9veloppement<\/p>\r\n<hr \/>\r\n<h3 style=\"text-align: justify;\">Content Management System<\/h3>\r\n<p style=\"text-align: justify;\">WordPress &#8211; <a href=\"https:\/\/fr.wordpress.com\/\">https:\/\/fr.wordpress.com\/<\/a><\/p>","protected":false},"excerpt":{"rendered":"Project coordination Sylvain Petek, C\u00e9cile Debitus Conception IRD&#8217;s Web design service &#8211; webmaster@ird.fr Specific developments Kaliop &#8211; http:\/\/www.kaliop.com Taxonomic data Aline Alencar, Kathryn A. Hall, John N. A. Hooper, Andrzej Pisera, Patricia R. Sutcliffe, Jean Vacelet. Database : SpongeMaps.org (Queensland Museum &#8211; Kathryn A. Hall) Photographs, sampling and on-field descriptions Bertrand Bourgeois, John Butscher, C\u00e9cile &hellip; <a href=\"https:\/\/spon2.poissonbouge.net\/?page_id=1643\" class=\"more-link\">Continuer la lecture de <span class=\"screen-reader-text\">Credits<\/span><\/a>","protected":false},"author":3,"featured_media":0,"parent":0,"menu_order":0,"comment_status":"closed","ping_status":"closed","template":"","meta":{"footnotes":""},"class_list":["post-1643","page","type-page","status-publish","hentry"],"_links":{"self":[{"href":"https:\/\/spon2.poissonbouge.net\/index.php?rest_route=\/wp\/v2\/pages\/1643","targetHints":{"allow":["GET"]}}],"collection":[{"href":"https:\/\/spon2.poissonbouge.net\/index.php?rest_route=\/wp\/v2\/pages"}],"about":[{"href":"https:\/\/spon2.poissonbouge.net\/index.php?rest_route=\/wp\/v2\/types\/page"}],"author":[{"embeddable":true,"href":"https:\/\/spon2.poissonbouge.net\/index.php?rest_route=\/wp\/v2\/users\/3"}],"replies":[{"embeddable":true,"href":"https:\/\/spon2.poissonbouge.net\/index.php?rest_route=%2Fwp%2Fv2%2Fcomments&post=1643"}],"version-history":[{"count":26,"href":"https:\/\/spon2.poissonbouge.net\/index.php?rest_route=\/wp\/v2\/pages\/1643\/revisions"}],"predecessor-version":[{"id":2053,"href":"https:\/\/spon2.poissonbouge.net\/index.php?rest_route=\/wp\/v2\/pages\/1643\/revisions\/2053"}],"wp:attachment":[{"href":"https:\/\/spon2.poissonbouge.net\/index.php?rest_route=%2Fwp%2Fv2%2Fmedia&parent=1643"}],"curies":[{"name":"wp","href":"https:\/\/api.w.org\/{rel}","templated":true}]}}